{"id":8542,"date":"2025-11-11T10:36:10","date_gmt":"2025-11-11T02:36:10","guid":{"rendered":"https:\/\/kaifa.szlogic.cn\/?page_id=8542"},"modified":"2025-12-23T17:29:03","modified_gmt":"2025-12-23T09:29:03","slug":"downloads","status":"publish","type":"page","link":"https:\/\/kaifa.szlogic.cn\/vi\/downloads\/","title":{"rendered":"T\u1ea3i xu\u1ed1ng"},"content":{"rendered":"<div data-elementor-type=\"wp-page\" data-elementor-id=\"8542\" class=\"elementor elementor-8542\" data-elementor-post-type=\"page\">\n\t\t\t\t<div class=\"elementor-element elementor-element-b22e6a4 e-con-full e-flex e-con e-parent\" data-id=\"b22e6a4\" data-element_type=\"container\">\n\t\t<div class=\"elementor-element elementor-element-4a32b5d e-con-full e-flex e-con e-child\" data-id=\"4a32b5d\" data-element_type=\"container\" data-settings=\"{&quot;background_background&quot;:&quot;classic&quot;}\">\n\t\t<div class=\"elementor-element elementor-element-a2cf83d e-con-full e-flex e-con e-child\" data-id=\"a2cf83d\" data-element_type=\"container\" data-settings=\"{&quot;background_background&quot;:&quot;classic&quot;}\">\n\t\t\t\t<div class=\"elementor-element elementor-element-e76cb23 elementor-hidden-desktop elementor-hidden-laptop elementor-widget elementor-widget-image\" data-id=\"e76cb23\" data-element_type=\"widget\" data-widget_type=\"image.default\">\n\t\t\t\t\t\t\t\t\t\t\t\t\t\t\t<img fetchpriority=\"high\" decoding=\"async\" width=\"1080\" height=\"1080\" src=\"https:\/\/kaifa.szlogic.cn\/wp-content\/uploads\/2025\/11\/phone-downloadbg.png\" class=\"attachment-full size-full wp-image-8833\" alt=\"phone-downloadbg\" srcset=\"https:\/\/kaifa.szlogic.cn\/wp-content\/uploads\/2025\/11\/phone-downloadbg.png 1080w, https:\/\/kaifa.szlogic.cn\/wp-content\/uploads\/2025\/11\/phone-downloadbg-300x300.png 300w, https:\/\/kaifa.szlogic.cn\/wp-content\/uploads\/2025\/11\/phone-downloadbg-1024x1024.png 1024w, https:\/\/kaifa.szlogic.cn\/wp-content\/uploads\/2025\/11\/phone-downloadbg-150x150.png 150w, https:\/\/kaifa.szlogic.cn\/wp-content\/uploads\/2025\/11\/phone-downloadbg-768x768.png 768w, https:\/\/kaifa.szlogic.cn\/wp-content\/uploads\/2025\/11\/phone-downloadbg-12x12.png 12w\" sizes=\"(max-width: 1080px) 100vw, 1080px\" \/>\t\t\t\t\t\t\t\t\t\t\t\t\t\t\t<\/div>\n\t\t\t\t<div class=\"elementor-element elementor-element-e835700 elementor-hidden-tablet elementor-hidden-mobile elementor-widget elementor-widget-image\" data-id=\"e835700\" data-element_type=\"widget\" data-widget_type=\"image.default\">\n\t\t\t\t\t\t\t\t\t\t\t\t\t\t\t<img decoding=\"async\" width=\"1920\" height=\"1076\" src=\"https:\/\/kaifa.szlogic.cn\/wp-content\/uploads\/2025\/11\/phone-download.jpg\" class=\"attachment-full size-full wp-image-8735\" alt=\"phone-downloadbg\" srcset=\"https:\/\/kaifa.szlogic.cn\/wp-content\/uploads\/2025\/11\/phone-download.jpg 1920w, https:\/\/kaifa.szlogic.cn\/wp-content\/uploads\/2025\/11\/phone-download-300x168.jpg 300w, https:\/\/kaifa.szlogic.cn\/wp-content\/uploads\/2025\/11\/phone-download-1024x574.jpg 1024w, https:\/\/kaifa.szlogic.cn\/wp-content\/uploads\/2025\/11\/phone-download-768x430.jpg 768w, https:\/\/kaifa.szlogic.cn\/wp-content\/uploads\/2025\/11\/phone-download-1536x861.jpg 1536w, https:\/\/kaifa.szlogic.cn\/wp-content\/uploads\/2025\/11\/phone-download-18x10.jpg 18w\" sizes=\"(max-width: 1920px) 100vw, 1920px\" \/>\t\t\t\t\t\t\t\t\t\t\t\t\t\t\t<\/div>\n\t\t\t\t<\/div>\n\t\t<div class=\"elementor-element elementor-element-5762b07 e-con-full e-flex e-con e-child\" data-id=\"5762b07\" data-element_type=\"container\" data-settings=\"{&quot;position&quot;:&quot;absolute&quot;}\">\n\t\t\t\t<div class=\"elementor-element elementor-element-b568110 elementor-widget__width-initial elementor-widget elementor-widget-heading\" data-id=\"b568110\" data-element_type=\"widget\" data-widget_type=\"heading.default\">\n\t\t\t\t\t<h1 class=\"elementor-heading-title elementor-size-default\">T\u1ea3i v\u1ec1 Catalog &amp; H\u01b0\u1edbng d\u1eabn s\u1eed d\u1ee5ng M\u00e1y ph\u00e2n t\u00edch XRF c\u1ea7m tay VRAY\n<\/h1>\t\t\t\t<\/div>\n\t\t\t\t<div class=\"elementor-element elementor-element-8f54097 elementor-widget__width-initial elementor-widget elementor-widget-text-editor\" data-id=\"8f54097\" data-element_type=\"widget\" data-widget_type=\"text-editor.default\">\n\t\t\t\t\t\t\t\t\t<p>Truy c\u1eadp catalog VRAY v\u00e0 h\u01b0\u1edbng d\u1eabn s\u1eed d\u1ee5ng m\u00e1y ph\u00e2n t\u00edch XRF c\u1ea7m tay t\u1ea1i m\u1ed9t n\u01a1i. T\u1ea1i \u0111\u00e2y, b\u1ea1n c\u00f3 th\u1ec3 d\u1ec5 d\u00e0ng t\u1ea3i xu\u1ed1ng c\u00e1c brochure chi ti\u1ebft, th\u00f4ng s\u1ed1 s\u1ea3n ph\u1ea9m v\u00e0 h\u01b0\u1edbng d\u1eabn s\u1eed d\u1ee5ng, cung c\u1ea5p th\u00f4ng tin v\u1ec1 c\u00e1c thi\u1ebft b\u1ecb ti\u00ean ti\u1ebfn c\u1ee7a ch\u00fang t\u00f4i. D\u00f9 b\u1ea1n c\u1ea7n d\u1eef li\u1ec7u k\u1ef9 thu\u1eadt, h\u01b0\u1edbng d\u1eabn c\u00e0i \u0111\u1eb7t hay t\u1ed5ng quan \u0111\u1ea7y \u0111\u1ee7 v\u1ec1 c\u00e1c t\u00ednh n\u0103ng, nh\u1eefng t\u00e0i nguy\u00ean n\u00e0y \u0111\u01b0\u1ee3c thi\u1ebft k\u1ebf \u0111\u1ec3 h\u1ed7 tr\u1ee3 b\u1ea1n hi\u1ec3u r\u00f5 v\u00e0 s\u1eed d\u1ee5ng hi\u1ec7u qu\u1ea3 c\u00e1c gi\u1ea3i ph\u00e1p c\u1ee7a VRAY.<\/p>\t\t\t\t\t\t\t\t<\/div>\n\t\t\t\t<\/div>\n\t\t\t\t<\/div>\n\t\t\t\t<\/div>\n\t\t<div class=\"elementor-element elementor-element-834c02c e-con-full e-flex e-con e-parent\" data-id=\"834c02c\" data-element_type=\"container\">\n\t\t<div class=\"elementor-element elementor-element-f0c516f e-con-full e-flex e-con e-child\" data-id=\"f0c516f\" data-element_type=\"container\">\n\t\t<div class=\"elementor-element elementor-element-ca34834 e-con-full e-flex e-con e-child\" data-id=\"ca34834\" data-element_type=\"container\">\n\t\t<div class=\"elementor-element elementor-element-a57bd18 e-con-full e-flex e-con e-child\" data-id=\"a57bd18\" data-element_type=\"container\">\n\t\t<div class=\"elementor-element elementor-element-2b528d6 e-con-full e-flex e-con e-child\" data-id=\"2b528d6\" data-element_type=\"container\">\n\t\t\t\t<div class=\"elementor-element elementor-element-1cd6f19 elementor-widget__width-inherit elementor-widget elementor-widget-image\" data-id=\"1cd6f19\" data-element_type=\"widget\" data-widget_type=\"image.default\">\n\t\t\t\t\t\t\t\t\t\t\t\t\t\t\t<img decoding=\"async\" width=\"1102\" height=\"1559\" src=\"https:\/\/kaifa.szlogic.cn\/wp-content\/uploads\/2025\/11\/download-textbg.png\" class=\"attachment-full size-full wp-image-8570\" alt=\"download-textbg\" srcset=\"https:\/\/kaifa.szlogic.cn\/wp-content\/uploads\/2025\/11\/download-textbg.png 1102w, https:\/\/kaifa.szlogic.cn\/wp-content\/uploads\/2025\/11\/download-textbg-212x300.png 212w, https:\/\/kaifa.szlogic.cn\/wp-content\/uploads\/2025\/11\/download-textbg-724x1024.png 724w, https:\/\/kaifa.szlogic.cn\/wp-content\/uploads\/2025\/11\/download-textbg-768x1086.png 768w, https:\/\/kaifa.szlogic.cn\/wp-content\/uploads\/2025\/11\/download-textbg-1086x1536.png 1086w, https:\/\/kaifa.szlogic.cn\/wp-content\/uploads\/2025\/11\/download-textbg-8x12.png 8w\" sizes=\"(max-width: 1102px) 100vw, 1102px\" \/>\t\t\t\t\t\t\t\t\t\t\t\t\t\t\t<\/div>\n\t\t\t\t<\/div>\n\t\t<div class=\"elementor-element elementor-element-8e7f5d1 e-con-full e-flex e-con e-child\" data-id=\"8e7f5d1\" data-element_type=\"container\" data-settings=\"{&quot;background_background&quot;:&quot;classic&quot;}\">\n\t\t\t\t<div class=\"elementor-element elementor-element-faa4a44 elementor-widget elementor-widget-text-editor\" data-id=\"faa4a44\" data-element_type=\"widget\" data-widget_type=\"text-editor.default\">\n\t\t\t\t\t\t\t\t\t<p>VR-H5<\/p>\t\t\t\t\t\t\t\t<\/div>\n\t\t\t\t<div class=\"elementor-element elementor-element-b4ac7d9 elementor-widget__width-inherit elementor-widget elementor-widget-text-editor\" data-id=\"b4ac7d9\" data-element_type=\"widget\" data-widget_type=\"text-editor.default\">\n\t\t\t\t\t\t\t\t\t<p>M\u00e1y ph\u00e2n t\u00edch kim lo\u1ea1i qu\u00fd c\u1ea7m tay XRF VR-H5<\/p>\t\t\t\t\t\t\t\t<\/div>\n\t\t\t\t<div class=\"elementor-element elementor-element-828be5a elementor-align-justify elementor-widget__width-inherit download-btn elementor-widget elementor-widget-button\" data-id=\"828be5a\" data-element_type=\"widget\" data-widget_type=\"button.default\">\n\t\t\t\t\t\t\t\t\t\t<a class=\"elementor-button elementor-button-link elementor-size-sm\" href=\"#elementor-action%3Aaction%3Dpopup%3Aopen%26settings%3DeyJpZCI6IjEzOTk0IiwidG9nZ2xlIjpmYWxzZX0%3D\">\n\t\t\t\t\t\t<span class=\"elementor-button-content-wrapper\">\n\t\t\t\t\t\t<span class=\"elementor-button-icon\">\n\t\t\t\t<svg xmlns=\"http:\/\/www.w3.org\/2000\/svg\" width=\"14\" height=\"14\" viewbox=\"0 0 14 14\" fill=\"none\"><path d=\"M4.66667 9.91667V8.75H9.33333V9.91667H4.66667ZM9.33333 5.83333L7 8.16667L4.66667 5.83333H6.125V4.08333H7.875V5.83333H9.33333ZM2.91667 1.75H11.0833C11.3928 1.75 11.6895 1.87292 11.9083 2.09171C12.1271 2.3105 12.25 2.60725 12.25 2.91667V11.0833C12.25 11.7308 11.7308 12.25 11.0833 12.25H2.91667C2.60725 12.25 2.3105 12.1271 2.09171 11.9083C1.87292 11.6895 1.75 11.3928 1.75 11.0833V2.91667C1.75 2.275 2.275 1.75 2.91667 1.75ZM2.91667 2.91667V11.0833H11.0833V2.91667H2.91667Z\" fill=\"white\"><\/path><\/svg>\t\t\t<\/span>\n\t\t\t\t\t\t\t\t\t<span class=\"elementor-button-text\">T\u1ea2I XU\u1ed0NG<\/span>\n\t\t\t\t\t<\/span>\n\t\t\t\t\t<\/a>\n\t\t\t\t\t\t\t\t<\/div>\n\t\t\t\t<\/div>\n\t\t\t\t<\/div>\n\t\t<div class=\"elementor-element elementor-element-5600a66 e-con-full e-flex e-con e-child\" data-id=\"5600a66\" data-element_type=\"container\">\n\t\t<div class=\"elementor-element elementor-element-817bf98 e-con-full e-flex e-con e-child\" data-id=\"817bf98\" data-element_type=\"container\">\n\t\t\t\t<div class=\"elementor-element elementor-element-d14b260 elementor-widget elementor-widget-image\" data-id=\"d14b260\" data-element_type=\"widget\" data-widget_type=\"image.default\">\n\t\t\t\t\t\t\t\t\t\t\t\t\t\t\t<img loading=\"lazy\" decoding=\"async\" width=\"354\" height=\"500\" src=\"https:\/\/kaifa.szlogic.cn\/wp-content\/uploads\/2025\/11\/download-textbg2.jpg\" class=\"attachment-full size-full wp-image-15647\" alt=\"download-textbg2\" srcset=\"https:\/\/kaifa.szlogic.cn\/wp-content\/uploads\/2025\/11\/download-textbg2.jpg 354w, https:\/\/kaifa.szlogic.cn\/wp-content\/uploads\/2025\/11\/download-textbg2-212x300.jpg 212w, https:\/\/kaifa.szlogic.cn\/wp-content\/uploads\/2025\/11\/download-textbg2-8x12.jpg 8w\" sizes=\"(max-width: 354px) 100vw, 354px\" \/>\t\t\t\t\t\t\t\t\t\t\t\t\t\t\t<\/div>\n\t\t\t\t<\/div>\n\t\t<div class=\"elementor-element elementor-element-45bb4a2 e-con-full e-flex e-con e-child\" data-id=\"45bb4a2\" data-element_type=\"container\" data-settings=\"{&quot;background_background&quot;:&quot;classic&quot;}\">\n\t\t\t\t<div class=\"elementor-element elementor-element-2fd5737 elementor-widget elementor-widget-text-editor\" data-id=\"2fd5737\" data-element_type=\"widget\" data-widget_type=\"text-editor.default\">\n\t\t\t\t\t\t\t\t\t<p>VR-X3<\/p>\t\t\t\t\t\t\t\t<\/div>\n\t\t\t\t<div class=\"elementor-element elementor-element-022d52d elementor-widget__width-inherit elementor-widget elementor-widget-text-editor\" data-id=\"022d52d\" data-element_type=\"widget\" data-widget_type=\"text-editor.default\">\n\t\t\t\t\t\t\t\t\t<p>M\u00e1y ph\u00e2n t\u00edch kim lo\u1ea1i qu\u00fd c\u1ea7m tay VR-X3<\/p>\t\t\t\t\t\t\t\t<\/div>\n\t\t\t\t<div class=\"elementor-element elementor-element-f9da215 elementor-align-justify elementor-widget__width-inherit download-btn elementor-widget elementor-widget-button\" data-id=\"f9da215\" data-element_type=\"widget\" data-widget_type=\"button.default\">\n\t\t\t\t\t\t\t\t\t\t<a class=\"elementor-button elementor-button-link elementor-size-sm\" href=\"#elementor-action%3Aaction%3Dpopup%3Aopen%26settings%3DeyJpZCI6IjE0MzIxIiwidG9nZ2xlIjpmYWxzZX0%3D\">\n\t\t\t\t\t\t<span class=\"elementor-button-content-wrapper\">\n\t\t\t\t\t\t<span class=\"elementor-button-icon\">\n\t\t\t\t<svg xmlns=\"http:\/\/www.w3.org\/2000\/svg\" width=\"14\" height=\"14\" viewbox=\"0 0 14 14\" fill=\"none\"><path d=\"M4.66667 9.91667V8.75H9.33333V9.91667H4.66667ZM9.33333 5.83333L7 8.16667L4.66667 5.83333H6.125V4.08333H7.875V5.83333H9.33333ZM2.91667 1.75H11.0833C11.3928 1.75 11.6895 1.87292 11.9083 2.09171C12.1271 2.3105 12.25 2.60725 12.25 2.91667V11.0833C12.25 11.7308 11.7308 12.25 11.0833 12.25H2.91667C2.60725 12.25 2.3105 12.1271 2.09171 11.9083C1.87292 11.6895 1.75 11.3928 1.75 11.0833V2.91667C1.75 2.275 2.275 1.75 2.91667 1.75ZM2.91667 2.91667V11.0833H11.0833V2.91667H2.91667Z\" fill=\"white\"><\/path><\/svg>\t\t\t<\/span>\n\t\t\t\t\t\t\t\t\t<span class=\"elementor-button-text\">T\u1ea2I XU\u1ed0NG<\/span>\n\t\t\t\t\t<\/span>\n\t\t\t\t\t<\/a>\n\t\t\t\t\t\t\t\t<\/div>\n\t\t\t\t<\/div>\n\t\t\t\t<\/div>\n\t\t<div class=\"elementor-element elementor-element-b5c9ace e-con-full e-flex e-con e-child\" data-id=\"b5c9ace\" data-element_type=\"container\">\n\t\t<div class=\"elementor-element elementor-element-24f9bce e-con-full e-flex e-con e-child\" data-id=\"24f9bce\" data-element_type=\"container\">\n\t\t\t\t<div class=\"elementor-element elementor-element-09d57f3 elementor-widget elementor-widget-image\" data-id=\"09d57f3\" data-element_type=\"widget\" data-widget_type=\"image.default\">\n\t\t\t\t\t\t\t\t\t\t\t\t\t\t\t<img loading=\"lazy\" decoding=\"async\" width=\"353\" height=\"500\" src=\"https:\/\/kaifa.szlogic.cn\/wp-content\/uploads\/2025\/11\/download-textbg3.jpg\" class=\"attachment-full size-full wp-image-15648\" alt=\"download-textbg3\" srcset=\"https:\/\/kaifa.szlogic.cn\/wp-content\/uploads\/2025\/11\/download-textbg3.jpg 353w, https:\/\/kaifa.szlogic.cn\/wp-content\/uploads\/2025\/11\/download-textbg3-212x300.jpg 212w, https:\/\/kaifa.szlogic.cn\/wp-content\/uploads\/2025\/11\/download-textbg3-8x12.jpg 8w\" sizes=\"(max-width: 353px) 100vw, 353px\" \/>\t\t\t\t\t\t\t\t\t\t\t\t\t\t\t<\/div>\n\t\t\t\t<\/div>\n\t\t<div class=\"elementor-element elementor-element-ff3c0fa e-con-full e-flex e-con e-child\" data-id=\"ff3c0fa\" data-element_type=\"container\" data-settings=\"{&quot;background_background&quot;:&quot;classic&quot;}\">\n\t\t\t\t<div class=\"elementor-element elementor-element-92f380c elementor-widget elementor-widget-text-editor\" data-id=\"92f380c\" data-element_type=\"widget\" data-widget_type=\"text-editor.default\">\n\t\t\t\t\t\t\t\t\t<p>VR-M5<\/p>\t\t\t\t\t\t\t\t<\/div>\n\t\t\t\t<div class=\"elementor-element elementor-element-a066f39 elementor-widget__width-inherit elementor-widget elementor-widget-text-editor\" data-id=\"a066f39\" data-element_type=\"widget\" data-widget_type=\"text-editor.default\">\n\t\t\t\t\t\t\t\t\t<p>M\u00e1y ph\u00e2n t\u00edch kim lo\u1ea1i qu\u00fd c\u1ea7m tay VR-M5<\/p>\t\t\t\t\t\t\t\t<\/div>\n\t\t\t\t<div class=\"elementor-element elementor-element-bbf8391 elementor-align-justify elementor-widget__width-inherit download-btn elementor-widget elementor-widget-button\" data-id=\"bbf8391\" data-element_type=\"widget\" data-widget_type=\"button.default\">\n\t\t\t\t\t\t\t\t\t\t<a class=\"elementor-button elementor-button-link elementor-size-sm\" href=\"#elementor-action%3Aaction%3Dpopup%3Aopen%26settings%3DeyJpZCI6IjE0MzI3IiwidG9nZ2xlIjpmYWxzZX0%3D\">\n\t\t\t\t\t\t<span class=\"elementor-button-content-wrapper\">\n\t\t\t\t\t\t<span class=\"elementor-button-icon\">\n\t\t\t\t<svg xmlns=\"http:\/\/www.w3.org\/2000\/svg\" width=\"14\" height=\"14\" viewbox=\"0 0 14 14\" fill=\"none\"><path d=\"M4.66667 9.91667V8.75H9.33333V9.91667H4.66667ZM9.33333 5.83333L7 8.16667L4.66667 5.83333H6.125V4.08333H7.875V5.83333H9.33333ZM2.91667 1.75H11.0833C11.3928 1.75 11.6895 1.87292 11.9083 2.09171C12.1271 2.3105 12.25 2.60725 12.25 2.91667V11.0833C12.25 11.7308 11.7308 12.25 11.0833 12.25H2.91667C2.60725 12.25 2.3105 12.1271 2.09171 11.9083C1.87292 11.6895 1.75 11.3928 1.75 11.0833V2.91667C1.75 2.275 2.275 1.75 2.91667 1.75ZM2.91667 2.91667V11.0833H11.0833V2.91667H2.91667Z\" fill=\"white\"><\/path><\/svg>\t\t\t<\/span>\n\t\t\t\t\t\t\t\t\t<span class=\"elementor-button-text\">T\u1ea2I XU\u1ed0NG<\/span>\n\t\t\t\t\t<\/span>\n\t\t\t\t\t<\/a>\n\t\t\t\t\t\t\t\t<\/div>\n\t\t\t\t<\/div>\n\t\t\t\t<\/div>\n\t\t\t\t<\/div>\n\t\t\t\t<\/div>\n\t\t\t\t<\/div>\n\t\t<div class=\"elementor-element elementor-element-1a4e50e e-con-full e-flex e-con e-parent\" data-id=\"1a4e50e\" data-element_type=\"container\">\n\t\t<div class=\"elementor-element elementor-element-71d2343 e-con-full e-flex e-con e-child\" data-id=\"71d2343\" data-element_type=\"container\">\n\t\t<div class=\"elementor-element elementor-element-f18aa7c e-con-full e-flex e-con e-child\" data-id=\"f18aa7c\" data-element_type=\"container\">\n\t\t<div class=\"elementor-element elementor-element-f950c15 e-con-full e-flex e-con e-child\" data-id=\"f950c15\" data-element_type=\"container\" data-settings=\"{&quot;background_background&quot;:&quot;classic&quot;}\">\n\t\t\t\t<div class=\"elementor-element elementor-element-33182ff elementor-widget elementor-widget-heading\" data-id=\"33182ff\" data-element_type=\"widget\" data-widget_type=\"heading.default\">\n\t\t\t\t\t<h2 class=\"elementor-heading-title elementor-size-default\">T\u00e0i li\u1ec7u Gi\u1edbi thi\u1ec7u c\u00e1c M\u1eabu S\u1ea3n ph\u1ea9m Kh\u00e1c<\/h2>\t\t\t\t<\/div>\n\t\t\t\t<\/div>\n\t\t\t\t<div class=\"elementor-element elementor-element-25d74bc elementor-widget elementor-widget-text-editor\" data-id=\"25d74bc\" data-element_type=\"widget\" data-widget_type=\"text-editor.default\">\n\t\t\t\t\t\t\t\t\t<p>Kh\u00e1m ph\u00e1 th\u00eam c\u00e1c t\u00e0i li\u1ec7u gi\u1edbi thi\u1ec7u c\u00e1c m\u1eabu s\u1ea3n ph\u1ea9m \u0111\u1ec3 hi\u1ec3u r\u00f5 h\u01a1n v\u1ec1 to\u00e0n b\u1ed9 d\u00f2ng thi\u1ebft b\u1ecb VRAY. M\u1ed7i t\u00e0i li\u1ec7u cung c\u1ea5p th\u00f4ng tin chi ti\u1ebft v\u1ec1 th\u00f4ng s\u1ed1 k\u1ef9 thu\u1eadt, t\u00ednh n\u0103ng \u0111\u1ed9c \u0111\u00e1o v\u00e0 c\u00e1c k\u1ecbch b\u1ea3n \u1ee9ng d\u1ee5ng, gi\u00fap b\u1ea1n so s\u00e1nh c\u00e1c m\u1eabu v\u00e0 ch\u1ecdn gi\u1ea3i ph\u00e1p ph\u00f9 h\u1ee3p nh\u1ea5t v\u1edbi nhu c\u1ea7u ki\u1ec3m tra. V\u1edbi h\u01b0\u1edbng d\u1eabn r\u00f5 r\u00e0ng v\u00e0 th\u00f4ng tin to\u00e0n di\u1ec7n, c\u00e1c t\u00e0i nguy\u00ean n\u00e0y gi\u00fap b\u1ea1n \u0111\u00e1nh gi\u00e1 hi\u1ec7u su\u1ea5t, \u0111\u1ed9 ch\u00ednh x\u00e1c v\u00e0 hi\u1ec7u qu\u1ea3 c\u1ee7a c\u00e1c m\u00e1y ph\u00e2n t\u00edch XRF kh\u00e1c nhau m\u1ed9t c\u00e1ch d\u1ec5 d\u00e0ng h\u01a1n.<\/p>\t\t\t\t\t\t\t\t<\/div>\n\t\t\t\t<\/div>\n\t\t\t\t<\/div>\n\t\t\t\t<\/div>\n\t\t<div class=\"elementor-element elementor-element-918105c e-con-full e-flex e-con e-parent\" data-id=\"918105c\" data-element_type=\"container\">\n\t\t\t\t<div class=\"elementor-element elementor-element-0e5e951 elementor-widget elementor-widget-html\" data-id=\"0e5e951\" data-element_type=\"widget\" data-widget_type=\"html.default\">\n\t\t\t\t\t<style>\n#recourcestext .headtext p{\n     color: rgba(255, 235, 61, 1);\n\n}\n#recourcestext .headimg {\n    background-image: url(\/wp-content\/uploads\/2025\/10\/yellow-down.svg) !important;\n}    \n    \n<\/style>\t\t\t\t<\/div>\n\t\t\t\t<\/div>\n\t\t\t\t<\/div>","protected":false},"excerpt":{"rendered":"<p>Download VRAY Catalogs &amp; Portable XRF Analyzer Manuals Access VRAY catalogs and portable XRF analyzer manuals in one place. Here you can easily download detailed brochures, product specifications, and user guides that provide insights into our advanced instruments. Whether you need technical data, setup instructions, or a complete overview of features, these resources are designed [&hellip;]<\/p>","protected":false},"author":1,"featured_media":0,"parent":0,"menu_order":0,"comment_status":"closed","ping_status":"closed","template":"","meta":{"_acf_changed":false,"footnotes":""},"class_list":["post-8542","page","type-page","status-publish","hentry"],"blocksy_meta":{"disable_header":"yes","disable_footer":"yes","has_hero_section":"disabled","styles_descriptor":{"styles":{"desktop":"","tablet":"","mobile":""},"google_fonts":[],"version":6}},"acf":[],"_links":{"self":[{"href":"https:\/\/kaifa.szlogic.cn\/vi\/wp-json\/wp\/v2\/pages\/8542","targetHints":{"allow":["GET"]}}],"collection":[{"href":"https:\/\/kaifa.szlogic.cn\/vi\/wp-json\/wp\/v2\/pages"}],"about":[{"href":"https:\/\/kaifa.szlogic.cn\/vi\/wp-json\/wp\/v2\/types\/page"}],"author":[{"embeddable":true,"href":"https:\/\/kaifa.szlogic.cn\/vi\/wp-json\/wp\/v2\/users\/1"}],"replies":[{"embeddable":true,"href":"https:\/\/kaifa.szlogic.cn\/vi\/wp-json\/wp\/v2\/comments?post=8542"}],"version-history":[{"count":806,"href":"https:\/\/kaifa.szlogic.cn\/vi\/wp-json\/wp\/v2\/pages\/8542\/revisions"}],"predecessor-version":[{"id":22817,"href":"https:\/\/kaifa.szlogic.cn\/vi\/wp-json\/wp\/v2\/pages\/8542\/revisions\/22817"}],"wp:attachment":[{"href":"https:\/\/kaifa.szlogic.cn\/vi\/wp-json\/wp\/v2\/media?parent=8542"}],"curies":[{"name":"wp","href":"https:\/\/api.w.org\/{rel}","templated":true}]}}